{"id":152,"date":"2022-06-25T05:39:28","date_gmt":"2022-06-25T05:39:28","guid":{"rendered":"https:\/\/www.churchwardchapel.org\/?page_id=152"},"modified":"2022-10-29T10:07:04","modified_gmt":"2022-10-29T10:07:04","slug":"kanakiag-heta","status":"publish","type":"page","link":"https:\/\/www.churchwardchapel.org\/?page_id=152","title":{"rendered":"KAN&#8217;AKIAG HETA"},"content":{"rendered":"<p dir=\"auto\">Nonoj la &#8216;ua&#8217;ua&#8217;\u00e4k se hanis fuamamau &#8216;on &#8216;Aitu &#8216;e a&#8217;vavhian ne la p\u00f2 la Puk Res\u00f6n&nbsp; hete&#8217;is la p\u00f4 la pan hoi&#8217;\u00e4k &#8216;e fau te&#8217;.<\/p>\n<p dir=\"auto\">&#8216;Un&#8217;ua&#8217;\u00e4k tape&#8217;ma se &#8216;on hanisi ne sai&#8217;\u00e4k &#8216;os mauri &#8216;e &#8216;af&#8217;af raksa&#8217; te&#8217;, Covid-19 ne a&#8217;noanoa m\u00e4\u00fcr ma&#8217;oi &#8216;e laloag ne faut ne v\u00e4h se&#8217;. &#8216;Is a&#8217;h\u00e4e&#8217;akiof &#8216;os kainag ma&#8217;oi, ma \u00f6&#8217;\u00f6&#8217; mamfua ne &#8216;oris mauri p\u00e4reafua h\u00fcn se &#8216;af&#8217;af te&#8217;is (ma ta &#8216;af&#8217;af hoi\u00e4k).<\/p>\n<p dir=\"auto\">&#8216;Aitu la a&#8217;f\u00fcrmaria huag &#8216;on kainag ne rou se&#8217;. &#8216;Os huga ru ti&#8217; pau &#8216;e reko pelut ne sok &#8216;e Ukraine h\u00fcn se ma\u00fcr ne mao, m\u00e4\u00fcr ne kaunohoag ne v\u00e4e vahia. &#8216;E reko pel te&#8217;is, ma &#8216;on noanoa ti&#8217;ut sokoan se r\u00e1n te&#8217; &#8216;atakoa h\u00fcn se lamlam ne t\u00f6g ne tela&#8217;a ma kelea&#8217;ehanisit ne soko. &#8216;Is sir mea&#8217;mea&#8217; ma &#8216;e \u00f6k\u00f6k ne Covid-19 ta ue&#8217; se&#8217;, ka sokoan pel te&#8217;is ma gou &#8216;inea ne &#8216;Aitu pa f\u00e4eag ti&#8217; pau se &#8216;isa. Gou &#8216;ua&#8217;ua&#8217;akiof se Fekau Mario Rigamoto, Fekau puer ne Kaugarueag ne mou se Rotuma (Division), Hensasiag Fekau Rotuam &#8216;atakoa, Hensasiag Hua&#8217;i,&nbsp; Gagaj &#8216;es puer ne hanua, matanitu, hensasiag rotu ma &#8216;os fam\u00f6r Rotuam ne a&#8217;es&#8217;ao&#8217;\u00e4k puk res\u00f6n hete&#8217;is.<img fetchpriority=\"high\" class=\"size-medium wp-image-160 alignleft\" src=\"https:\/\/www.churchwardchapel.org\/wp-content\/uploads\/2022\/06\/viber_image_2022-06-25_17-49-47-186-e1656136346215-200x300.jpg\" alt=\"\" width=\"200\" height=\"300\" srcset=\"https:\/\/www.churchwardchapel.org\/wp-content\/uploads\/2022\/06\/viber_image_2022-06-25_17-49-47-186-e1656136346215-200x300.jpg 200w, https:\/\/www.churchwardchapel.org\/wp-content\/uploads\/2022\/06\/viber_image_2022-06-25_17-49-47-186-e1656136346215-768x1150.jpg 768w, https:\/\/www.churchwardchapel.org\/wp-content\/uploads\/2022\/06\/viber_image_2022-06-25_17-49-47-186-e1656136346215-684x1024.jpg 684w, https:\/\/www.churchwardchapel.org\/wp-content\/uploads\/2022\/06\/viber_image_2022-06-25_17-49-47-186-e1656136346215-500x749.jpg 500w, https:\/\/www.churchwardchapel.org\/wp-content\/uploads\/2022\/06\/viber_image_2022-06-25_17-49-47-186-e1656136346215-800x1198.jpg 800w, https:\/\/www.churchwardchapel.org\/wp-content\/uploads\/2022\/06\/viber_image_2022-06-25_17-49-47-186-e1656136346215.jpg 1202w\" sizes=\"(max-width: 200px) 100vw, 200px\" \/><\/p>\n<p dir=\"auto\">Lio ne &#8216;ua&#8217;ua&#8217;aki leuof se hensasiag Rotuam ne mou se kaurot te&#8217;is &#8220;Jesus only Fellowship &#8216;ne noh &#8216;e Rarotonga ne huag toa&#8217; ma togia Puk ne mou se Jujakiga ma p\u00f2 la &#8216;is fam\u00f6r Rotuma la a&#8217;es&#8217;ao&#8217;\u00e4k ka kal a&#8217;noa t\u00f6g ra. Gagaj &#8216;Aitu la t\u00f6g a&#8217;nonojoa se kainag Rotuam ne noh helav &#8216;e Rarotonga.<\/p>\n<p dir=\"auto\">Nonoj la &#8216;ua&#8217;ua&#8217;\u00e4k tape&#8217;ma se kaugarueagat ne mou se f\u00fcr&#8217;akiag ne res\u00f6n ne terani: hensasiag ne f\u00fcr&#8217;akia se f\u00e4eag Rotuam ta, hensasiag ne hat ho&#8217;ia ma a&#8217;nojoa, o&#8217;honit ne pania garue te&#8217;, ma haiasoag tutu. Noa&#8217;ia &#8216;e haiasoag ma ro&#8217;ait&#8217;\u00e4k ne garue ne mou se kaugarueag te&#8217;is.<\/p>\n<p dir=\"auto\">&#8216;E reko &#8216;is noh &#8216;e ta av noanoa ma av fakmuri, gou far hanis uanmaf &#8216;on &#8216;Aitu la haiasoag la a&#8217;lalan &#8216;on f\u00e4ega, la po la res\u00f6n &#8216;i la &#8216;es fuag, &#8216;es va&#8217;, &#8216;es &#8216;av, ka ia la &#8216;os a&#8217;ne&#8217;ne&#8217;akiget &#8216;e te&#8217; ne terani. &#8216;On f\u00e4ega la man ka &#8216;es hue a&#8217;ti&#8217; se &#8216;os haikainagaga &#8216;e foro ka a&#8217;ti&#8217; se&#8217;, &#8216;os ma\u00fcr haikainagagat ma &#8216;os \u00d6&#8217;fa fak Lagi.<\/p>\n<p dir=\"auto\">Gagaj &#8216;Aitu la a&#8217;alalum&#8217;\u00e4k t\u00f6r ne fau 2022 ta, la av &#8216;oaf&#8217;oaf ka alalum airet se te&#8217; ne hensasiag Rotuam &#8216;atakoa.<\/p>\n<p dir=\"auto\">Fekau Jioje Taito<br \/>\nFekau ne Churchward Chapel Circuit<\/p>\n","protected":false},"excerpt":{"rendered":"<p>Nonoj la &#8216;ua&#8217;ua&#8217;\u00e4k se hanis fuamamau &#8216;on &#8216;Aitu &#8216;e a&#8217;vavhian ne la p\u00f2 la Puk Res\u00f6n&nbsp; hete&#8217;is la p\u00f4 la [&hellip;]<\/p>\n","protected":false},"author":1,"featured_media":367,"parent":0,"menu_order":0,"comment_status":"closed","ping_status":"closed","template":"","meta":{"_acf_changed":false,"content-type":"","om_disable_all_campaigns":false,"_monsterinsights_skip_tracking":false,"_monsterinsights_sitenote_active":false,"_monsterinsights_sitenote_note":"","_monsterinsights_sitenote_category":0,"_uf_show_specific_survey":0,"_uf_disable_surveys":false,"site-sidebar-layout":"default","site-content-layout":"","ast-site-content-layout":"default","site-content-style":"default","site-sidebar-style":"default","ast-global-header-display":"","ast-banner-title-visibility":"","ast-main-header-display":"","ast-hfb-above-header-display":"","ast-hfb-below-header-display":"","ast-hfb-mobile-header-display":"","site-post-title":"","ast-breadcrumbs-content":"","ast-featured-img":"","footer-sml-layout":"","ast-disable-related-posts":"","theme-transparent-header-meta":"","adv-header-id-meta":"","stick-header-meta":"","header-above-stick-meta":"","header-main-stick-meta":"","header-below-stick-meta":"","astra-migrate-meta-layouts":"default","ast-page-background-enabled":"default","ast-page-background-meta":{"desktop":{"background-color":"var(--ast-global-color-5)","background-image":"","background-repeat":"repeat","background-position":"center center","background-size":"auto","background-attachment":"scroll","background-type":"","background-media":"","overlay-type":"","overlay-color":"","overlay-opacity":"","overlay-gradient":""},"tablet":{"background-color":"","background-image":"","background-repeat":"repeat","background-position":"center center","background-size":"auto","background-attachment":"scroll","background-type":"","background-media":"","overlay-type":"","overlay-color":"","overlay-opacity":"","overlay-gradient":""},"mobile":{"background-color":"","background-image":"","background-repeat":"repeat","background-position":"center center","background-size":"auto","background-attachment":"scroll","background-type":"","background-media":"","overlay-type":"","overlay-color":"","overlay-opacity":"","overlay-gradient":""}},"ast-content-background-meta":{"desktop":{"background-color":"var(--ast-global-color-4)","background-image":"","background-repeat":"repeat","background-position":"center center","background-size":"auto","background-attachment":"scroll","background-type":"","background-media":"","overlay-type":"","overlay-color":"","overlay-opacity":"","overlay-gradient":""},"tablet":{"background-color":"var(--ast-global-color-4)","background-image":"","background-repeat":"repeat","background-position":"center center","background-size":"auto","background-attachment":"scroll","background-type":"","background-media":"","overlay-type":"","overlay-color":"","overlay-opacity":"","overlay-gradient":""},"mobile":{"background-color":"var(--ast-global-color-4)","background-image":"","background-repeat":"repeat","background-position":"center center","background-size":"auto","background-attachment":"scroll","background-type":"","background-media":"","overlay-type":"","overlay-color":"","overlay-opacity":"","overlay-gradient":""}},"_kadence_starter_templates_imported_post":false,"footnotes":""},"class_list":["post-152","page","type-page","status-publish","has-post-thumbnail","hentry"],"acf":[],"_links":{"self":[{"href":"https:\/\/www.churchwardchapel.org\/index.php?rest_route=\/wp\/v2\/pages\/152","targetHints":{"allow":["GET"]}}],"collection":[{"href":"https:\/\/www.churchwardchapel.org\/index.php?rest_route=\/wp\/v2\/pages"}],"about":[{"href":"https:\/\/www.churchwardchapel.org\/index.php?rest_route=\/wp\/v2\/types\/page"}],"author":[{"embeddable":true,"href":"https:\/\/www.churchwardchapel.org\/index.php?rest_route=\/wp\/v2\/users\/1"}],"replies":[{"embeddable":true,"href":"https:\/\/www.churchwardchapel.org\/index.php?rest_route=%2Fwp%2Fv2%2Fcomments&post=152"}],"version-history":[{"count":7,"href":"https:\/\/www.churchwardchapel.org\/index.php?rest_route=\/wp\/v2\/pages\/152\/revisions"}],"predecessor-version":[{"id":375,"href":"https:\/\/www.churchwardchapel.org\/index.php?rest_route=\/wp\/v2\/pages\/152\/revisions\/375"}],"wp:featuredmedia":[{"embeddable":true,"href":"https:\/\/www.churchwardchapel.org\/index.php?rest_route=\/wp\/v2\/media\/367"}],"wp:attachment":[{"href":"https:\/\/www.churchwardchapel.org\/index.php?rest_route=%2Fwp%2Fv2%2Fmedia&parent=152"}],"curies":[{"name":"wp","href":"https:\/\/api.w.org\/{rel}","templated":true}]}}